{"id":16815,"date":"2023-08-31T09:42:43","date_gmt":"2023-08-31T09:42:43","guid":{"rendered":"https:\/\/www.portmarnockcommunityschool.ie\/?page_id=16815"},"modified":"2023-08-31T09:44:25","modified_gmt":"2023-08-31T09:44:25","slug":"cce-traditional-irish-music-song-and-dance-for-children","status":"publish","type":"page","link":"https:\/\/staging.portmarnockcommunityschool.ie\/?page_id=16815","title":{"rendered":"CCE: Traditional Irish music, song and dance for children"},"content":{"rendered":"<div class=\"xieb3on x1gslohp\">\n<p><img decoding=\"async\" src=\"https:\/\/scontent-dub4-1.xx.fbcdn.net\/v\/t39.30808-6\/371366619_754395373156831_4135093055558213013_n.jpg?_nc_cat=106&amp;ccb=1-7&amp;_nc_sid=49d041&amp;_nc_ohc=sZXysheyLRcAX9Fneb6&amp;_nc_ht=scontent-dub4-1.xx&amp;oh=00_AfBkvpohHQ37iy34rpNh2W194uv40rxoTbMZ3STwOYcqFw&amp;oe=64F560E9\" alt=\"May be an image of trumpet, harp, piano, clarinet, flute, violin and text that says 'NIGHT NIGHT PEN OPEN 6:30-7:30 6:30 -7:30 Mon 11th Sept. Traditional Music Classes Monday Evenings Portmarnock Community School FIDDLE WHISTLE \u2022FLUTE ACCORDION CONCERTINA BANJO BODHR\u00c1N .HARP Ccolo OIRI as Comhalc CiRO CiRcann PORt MeaRnOS 0OR More info: cceportmearnog@gmail.com'\" \/><\/p>\n<div><\/div>\n<div><\/div>\n<div><span class=\"x193iq5w xeuugli x13faqbe x1vvkbs x1xmvt09 x1lliihq x1s928wv xhkezso x1gmr53x x1cpjm7i x1fgarty x1943h6x xudqn12 x676frb x1lkfr7t x1lbecb7 x1s688f xzsf02u\" dir=\"auto\">About CC\u00c9 Port Mearn\u00f3g<\/span><\/div>\n<\/div>\n<div class=\"xat24cr\">\n<div class=\"x13faqbe x78zum5\">\n<div class=\"x9f619 x1n2onr6 x1ja2u2z x78zum5 x1nhvcw1 x1qjc9v5 xozqiw3 x1q0g3np xexx8yu xykv574 xbmpl8g x4cne27 xifccgj xs83m0k\">\n<div class=\"x9f619 x1n2onr6 x1ja2u2z x78zum5 xdt5ytf x193iq5w xeuugli x1r8uery x1iyjqo2 xs83m0k xamitd3 xsyo7zv x16hj40l x10b6aqq x1yrsyyn\">\n<div class=\"xzsf02u x6prxxf xvq8zen x126k92a\"><span class=\"x193iq5w xeuugli x13faqbe x1vvkbs x1xmvt09 x1lliihq x1s928wv xhkezso x1gmr53x x1cpjm7i x1fgarty x1943h6x xudqn12 x3x7a5m x6prxxf xvq8zen xo1l8bm xzsf02u\" dir=\"auto\">CC\u00c9 is a non-profit group with aim to introduce Irish Traditional music, singing and dance to the children of Portmarnock and Baldoyle by way of classes, sessions through the medium of both Irish and English. We hold summer camps for children between 6 years and 12 years. To date over half our children attending have been first generation Irish. We also hold adult workshops. All learners are introduced to musical instruments and we our building an instrument bank from which we can lend instruments to those who wish to attend our classes during the year. Our branch was formed in 2013 in response to a number of requests from parents. Contact branch on 083-1822843.<\/span><\/div>\n<\/div>\n<\/div>\n<div>PCS: Starts Set. 18th 2023. Works throughout the year usually with the school term calendar<\/div>\n<div class=\"x9f619 x1n2onr6 x1ja2u2z x78zum5 x1nhvcw1 x1qjc9v5 xozqiw3 x1q0g3np xexx8yu xykv574 xbmpl8g x4cne27 xifccgj xs83m0k\">\n<div><\/div>\n<\/div>\n<\/div>\n<\/div>\n","protected":false},"excerpt":{"rendered":"<p>About CC\u00c9 Port Mearn\u00f3g CC\u00c9 is a non-profit group with aim to introduce Irish Traditional music, singing and dance to the children of Portmarnock and Baldoyle by way of classes, sessions through the medium of both Irish and English. We hold summer camps for children between 6 years and 12 years. To date over half [&hellip;]<\/p>\n","protected":false},"author":1,"featured_media":0,"parent":9722,"menu_order":0,"comment_status":"closed","ping_status":"closed","template":"","meta":{"_acf_changed":false,"footnotes":""},"class_list":["post-16815","page","type-page","status-publish","hentry"],"acf":[],"_links":{"self":[{"href":"https:\/\/staging.portmarnockcommunityschool.ie\/index.php?rest_route=\/wp\/v2\/pages\/16815","targetHints":{"allow":["GET"]}}],"collection":[{"href":"https:\/\/staging.portmarnockcommunityschool.ie\/index.php?rest_route=\/wp\/v2\/pages"}],"about":[{"href":"https:\/\/staging.portmarnockcommunityschool.ie\/index.php?rest_route=\/wp\/v2\/types\/page"}],"author":[{"embeddable":true,"href":"https:\/\/staging.portmarnockcommunityschool.ie\/index.php?rest_route=\/wp\/v2\/users\/1"}],"replies":[{"embeddable":true,"href":"https:\/\/staging.portmarnockcommunityschool.ie\/index.php?rest_route=%2Fwp%2Fv2%2Fcomments&post=16815"}],"version-history":[{"count":0,"href":"https:\/\/staging.portmarnockcommunityschool.ie\/index.php?rest_route=\/wp\/v2\/pages\/16815\/revisions"}],"up":[{"embeddable":true,"href":"https:\/\/staging.portmarnockcommunityschool.ie\/index.php?rest_route=\/wp\/v2\/pages\/9722"}],"wp:attachment":[{"href":"https:\/\/staging.portmarnockcommunityschool.ie\/index.php?rest_route=%2Fwp%2Fv2%2Fmedia&parent=16815"}],"curies":[{"name":"wp","href":"https:\/\/api.w.org\/{rel}","templated":true}]}}