{"id":9722,"date":"2016-12-16T10:16:08","date_gmt":"2016-12-16T10:16:08","guid":{"rendered":"http:\/\/www.portmarnockcommunityschool.ie\/?page_id=9722"},"modified":"2024-12-19T12:49:57","modified_gmt":"2024-12-19T12:49:57","slug":"monday-evenings","status":"publish","type":"page","link":"https:\/\/staging.portmarnockcommunityschool.ie\/?page_id=9722","title":{"rendered":"Monday Evenings"},"content":{"rendered":"<ul>\n<li><a title=\"Art\" href=\"https:\/\/www.portmarnockcommunityschool.ie\/?page_id=8987\" target=\"_blank\" rel=\"noopener noreferrer\">Art \/ Painting\u00a0<\/a><\/li>\n<li><a href=\"https:\/\/www.portmarnockcommunityschool.ie\/?page_id=16815\">Comhaltas Ceolt\u00f3ir\u00ed \u00c9ireann (CCE)<\/a><\/li>\n<li><a href=\"https:\/\/www.portmarnockcommunityschool.ie\/?page_id=9044\">Cooking<\/a><\/li>\n<li><a href=\"https:\/\/www.portmarnockcommunityschool.ie\/?page_id=13565\">Dance Yourself Fit<\/a><\/li>\n<li><a href=\"https:\/\/www.portmarnockcommunityschool.ie\/?page_id=15850\">English as a foreign language (EFL)<\/a><\/li>\n<li><a href=\"https:\/\/www.portmarnockcommunityschool.ie\/?page_id=17196\">French<\/a><\/li>\n<li><a href=\"https:\/\/www.portmarnockcommunityschool.ie\/?page_id=13155\">Interior Design for Beginners<\/a><\/li>\n<li><a href=\"https:\/\/www.portmarnockcommunityschool.ie\/?page_id=11836\">Keyboard improvers<\/a><\/li>\n<li><a href=\"https:\/\/www.portmarnockcommunityschool.ie\/?page_id=9100\">Photography for beginners and those with some basic experience<\/a><\/li>\n<li><a href=\"https:\/\/www.portmarnockcommunityschool.ie\/?page_id=9099\">Pilates<\/a><a href=\"https:\/\/www.portmarnockcommunityschool.ie\/?page_id=9099\">\u00a0Rejuvenation Class\u00a0 Age 55+ 6:30 \u2013 7:30pm<\/a><\/li>\n<li><a href=\"https:\/\/www.portmarnockcommunityschool.ie\/?page_id=13755\">Spanish Beginners with Maria<\/a><\/li>\n<li><a href=\"https:\/\/www.portmarnockcommunityschool.ie\/?page_id=9081\">Spanish Improvers with Jesus<\/a><\/li>\n<li><a href=\"https:\/\/www.portmarnockcommunityschool.ie\/?page_id=9037\">Yoga for Beginners<\/a><\/li>\n<li><a href=\"https:\/\/www.portmarnockcommunityschool.ie\/?page_id=9051\">Zumba <\/a><\/li>\n<\/ul>\n","protected":false},"excerpt":{"rendered":"<p>Art \/ Painting\u00a0 Comhaltas Ceolt\u00f3ir\u00ed \u00c9ireann (CCE) Cooking Dance Yourself Fit English as a foreign language (EFL) French Interior Design for Beginners Keyboard improvers Photography for beginners and those with some basic experience Pilates\u00a0Rejuvenation Class\u00a0 Age 55+ 6:30 \u2013 7:30pm Spanish Beginners with Maria Spanish Improvers with Jesus Yoga for Beginners Zumba<\/p>\n","protected":false},"author":1,"featured_media":8765,"parent":74,"menu_order":13,"comment_status":"closed","ping_status":"closed","template":"","meta":{"_acf_changed":false,"footnotes":""},"class_list":["post-9722","page","type-page","status-publish","has-post-thumbnail","hentry"],"acf":[],"_links":{"self":[{"href":"https:\/\/staging.portmarnockcommunityschool.ie\/index.php?rest_route=\/wp\/v2\/pages\/9722","targetHints":{"allow":["GET"]}}],"collection":[{"href":"https:\/\/staging.portmarnockcommunityschool.ie\/index.php?rest_route=\/wp\/v2\/pages"}],"about":[{"href":"https:\/\/staging.portmarnockcommunityschool.ie\/index.php?rest_route=\/wp\/v2\/types\/page"}],"author":[{"embeddable":true,"href":"https:\/\/staging.portmarnockcommunityschool.ie\/index.php?rest_route=\/wp\/v2\/users\/1"}],"replies":[{"embeddable":true,"href":"https:\/\/staging.portmarnockcommunityschool.ie\/index.php?rest_route=%2Fwp%2Fv2%2Fcomments&post=9722"}],"version-history":[{"count":0,"href":"https:\/\/staging.portmarnockcommunityschool.ie\/index.php?rest_route=\/wp\/v2\/pages\/9722\/revisions"}],"up":[{"embeddable":true,"href":"https:\/\/staging.portmarnockcommunityschool.ie\/index.php?rest_route=\/wp\/v2\/pages\/74"}],"wp:featuredmedia":[{"embeddable":true,"href":"https:\/\/staging.portmarnockcommunityschool.ie\/index.php?rest_route=\/wp\/v2\/media\/8765"}],"wp:attachment":[{"href":"https:\/\/staging.portmarnockcommunityschool.ie\/index.php?rest_route=%2Fwp%2Fv2%2Fmedia&parent=9722"}],"curies":[{"name":"wp","href":"https:\/\/api.w.org\/{rel}","templated":true}]}}